{"id":167,"date":"2011-02-12T11:27:27","date_gmt":"2011-02-12T11:27:27","guid":{"rendered":"http:\/\/blog.lix.cc\/malawi\/"},"modified":"2011-12-13T16:06:10","modified_gmt":"2011-12-13T16:06:10","slug":"malawi2011","status":"publish","type":"page","link":"https:\/\/malawi.lix.cc\/de\/malawi2011\/","title":{"rendered":"Konzept 2011"},"content":{"rendered":"<p><strong>Projekt Koncept v.3<\/strong><br \/>\nDieses Webtagebuch wurde f\u00fcr das Malawi Projekt 2011 eingerichtet. Mehr Informationen zun\u00e4chst per E-Mail: <a href=\"mailto:lix@lix.cc\">lix@lix.cc<\/a><\/p>\n<p>Ein ehemaliger Student welcher im Rahmen des Projektes an der Polytechnik als Student ausgebildet wurde, arbeitet nun als System- und Netzwerkadministrator in <a href=\"http:\/\/www.kcn.unima.mw\" title=\"KCN\">Kamuzu am College of Nursing<\/a>. Ausserdem arbeitet er mit einer Gruppe von Leuten aus dem ICT Bereich an namhaften Projekten innerhalb Malawi mit.<br \/>\nDa er durch seine Ausbildung an der <a href=\"http:\/\/poly.ac.mw\" title=\"Polytechnic\">Polytechnik<\/a> mit den Vorteilen von GNU\/Linux basierten Systemen und ins Besondere von Thin Client Netzwerken vertraut ist, bot sich nun die M\u00f6glichkeit ein vergleichbares Netzwerk am College of Nursing aufzubauen, welches vom ICT Systemadministrator aufgebaut, dokumentiert und betrieben wird.<br \/>\nDies ist insofern interessant, da bereits s\u00e4mtliche Voraussetzungen geschaffen wurden, welche nun kosteng\u00fcnstig genutzt werden k\u00f6nnen um dem Studierenden des <a href=\"http:\/\/www.kcn.unima.mw\" title=\"KCN\">College of Nursing<\/a> den Zugang zu Informations- und Kommunikations-Netzwerken bieten zu k\u00f6nnen.<br \/>\nDas geplante Thin Client Netzwerk setzt sich aus zwei Servern mit bis zu 15 Thin Clients pro Server zusammen, welche \u00fcber ein bereits bestehendes Datennetzwerk einfach in das Universit\u00e4tssystem eingef\u00fcgt werden k\u00f6nnen.<\/p>\n<p><\/p>","protected":false},"excerpt":{"rendered":"<p>Projekt Koncept v.3 Dieses Webtagebuch wurde f\u00fcr das Malawi Projekt 2011 eingerichtet. Mehr Informationen zun\u00e4chst per E-Mail: lix@lix.cc Ein ehemaliger Student welcher im Rahmen des Projektes an der Polytechnik als Student ausgebildet wurde, arbeitet nun als System- und Netzwerkadministrator in Kamuzu am College of Nursing. Ausserdem arbeitet er mit einer Gruppe von Leuten aus dem [&hellip;]<\/p>\n","protected":false},"author":1,"featured_media":0,"parent":0,"menu_order":2,"comment_status":"open","ping_status":"open","template":"","meta":{"footnotes":""},"class_list":["post-167","page","type-page","status-publish","hentry"],"_links":{"self":[{"href":"https:\/\/malawi.lix.cc\/de\/wp-json\/wp\/v2\/pages\/167","targetHints":{"allow":["GET"]}}],"collection":[{"href":"https:\/\/malawi.lix.cc\/de\/wp-json\/wp\/v2\/pages"}],"about":[{"href":"https:\/\/malawi.lix.cc\/de\/wp-json\/wp\/v2\/types\/page"}],"author":[{"embeddable":true,"href":"https:\/\/malawi.lix.cc\/de\/wp-json\/wp\/v2\/users\/1"}],"replies":[{"embeddable":true,"href":"https:\/\/malawi.lix.cc\/de\/wp-json\/wp\/v2\/comments?post=167"}],"version-history":[{"count":16,"href":"https:\/\/malawi.lix.cc\/de\/wp-json\/wp\/v2\/pages\/167\/revisions"}],"predecessor-version":[{"id":749,"href":"https:\/\/malawi.lix.cc\/de\/wp-json\/wp\/v2\/pages\/167\/revisions\/749"}],"wp:attachment":[{"href":"https:\/\/malawi.lix.cc\/de\/wp-json\/wp\/v2\/media?parent=167"}],"curies":[{"name":"wp","href":"https:\/\/api.w.org\/{rel}","templated":true}]}}