{"id":26,"date":"2006-08-30T00:42:29","date_gmt":"2006-08-29T22:42:29","guid":{"rendered":"https:\/\/lix.cc\/~malawi\/?page_id=26"},"modified":"2011-08-25T23:49:30","modified_gmt":"2011-08-25T23:49:30","slug":"malawi2004","status":"publish","type":"page","link":"https:\/\/malawi.lix.cc\/de\/malawi2004\/","title":{"rendered":"Konzept 2004"},"content":{"rendered":"<p>Im Jahre 2004 startete ich mein erstes Malawi Projekt in <a title=\"Blantyre\" href=\"http:\/\/de.wikipedia.org\/wiki\/Blantyre_%28Malawi%29\">Blantyre<\/a>. Dieses hatte ich als &#8222;Jokerprojekt&#8220; im <a href=\"http:\/\/www.snm-hgkz.ch\">Studiengang Neue Medien<\/a> an der <a href=\"http:\/\/www.hgkz.ch\">Hochschule f\u00fcr Gestaltung und Kunst in Z\u00fcrich<\/a> geplant. Ein Freund fragte mich an, ob ich ihn f\u00fcr ein politisches Engagement im Land Malawi in Zentral Afrika begleiten w\u00fcrde. So hatte ich mich auf einen 3 monatigen Aufenthalt f\u00fcr diese Projektarbeit vorbereitet. Ungl\u00fccklicherweise wurde das Projekt eine Woche nach meiner Ankunft in Blantyre durch den Initiant des Projektes unerwartet und abrupt beendet. Zu diesem Zeitpunkt musste ich dann entscheiden ob ich zur\u00fcck in die Schweiz gehen w\u00fcrde oder, um nicht mein Studium unn\u00f6tig verl\u00e4ngern zu m\u00fcssen, ein neues, eigenes Projekt definieren wollte. W\u00e4hrend 2 w\u00f6chiger Suche und Recherche sprach ich mit vielen Leuten in lokalen IT Unternehmen gesprochen und die massive Pr\u00e4senz amerikanischer Entwicklungshilfe-Organisationen bemerkt. Zuf\u00e4lligerweise traf ich Leute von der Polytechnic, einem College der Universit\u00e4t von Malawi, welche mir berichteten auf HP Rechnern, welche von amerikanischen NGOs  gespendet wurden, GNU\/Linux installiert zu haben, da die Uni nach 2 Jahren von Microsoft aufgefordert wurde, die Lizenzgeb\u00fchren f\u00fcr die Updates zu bezahlen. An diesem punkt kn\u00fcpfte ich mit meinem Projekt an und bot der Polytechnic meine Unterst\u00fctzung und kostenlose Hilfe f\u00fcr 7 Monate an.<\/p>\n<p>Ein Interview von Ramon Cahenzli und mir kann <a href=\"http:\/\/lix.cc\/malawi\/files\/2006\/08\/alex_antener_malawi_server.pdf\">hier<\/a> (pdf) runtergeladen oder auf <a href=\"http:\/\/lix.cc\/projects\/malawi\/malawi04\/interview\/\">dieser<\/a> Seite gelesen werden.<\/p>","protected":false},"excerpt":{"rendered":"<p>Im Jahre 2004 startete ich mein erstes Malawi Projekt in Blantyre. Dieses hatte ich als &#8222;Jokerprojekt&#8220; im Studiengang Neue Medien an der Hochschule f\u00fcr Gestaltung und Kunst in Z\u00fcrich geplant. Ein Freund fragte mich an, ob ich ihn f\u00fcr ein politisches Engagement im Land Malawi in Zentral Afrika begleiten w\u00fcrde. So hatte ich mich auf [&hellip;]<\/p>\n","protected":false},"author":1,"featured_media":0,"parent":0,"menu_order":4,"comment_status":"open","ping_status":"open","template":"","meta":{"footnotes":""},"class_list":["post-26","page","type-page","status-publish","hentry"],"_links":{"self":[{"href":"https:\/\/malawi.lix.cc\/de\/wp-json\/wp\/v2\/pages\/26","targetHints":{"allow":["GET"]}}],"collection":[{"href":"https:\/\/malawi.lix.cc\/de\/wp-json\/wp\/v2\/pages"}],"about":[{"href":"https:\/\/malawi.lix.cc\/de\/wp-json\/wp\/v2\/types\/page"}],"author":[{"embeddable":true,"href":"https:\/\/malawi.lix.cc\/de\/wp-json\/wp\/v2\/users\/1"}],"replies":[{"embeddable":true,"href":"https:\/\/malawi.lix.cc\/de\/wp-json\/wp\/v2\/comments?post=26"}],"version-history":[{"count":5,"href":"https:\/\/malawi.lix.cc\/de\/wp-json\/wp\/v2\/pages\/26\/revisions"}],"predecessor-version":[{"id":588,"href":"https:\/\/malawi.lix.cc\/de\/wp-json\/wp\/v2\/pages\/26\/revisions\/588"}],"wp:attachment":[{"href":"https:\/\/malawi.lix.cc\/de\/wp-json\/wp\/v2\/media?parent=26"}],"curies":[{"name":"wp","href":"https:\/\/api.w.org\/{rel}","templated":true}]}}