{"id":411,"date":"2011-07-20T22:58:42","date_gmt":"2011-07-20T22:58:42","guid":{"rendered":"http:\/\/blog.lix.cc\/malawi\/?page_id=411"},"modified":"2021-12-14T08:37:38","modified_gmt":"2021-12-14T08:37:38","slug":"about","status":"publish","type":"page","link":"https:\/\/malawi.lix.cc\/de\/about\/","title":{"rendered":"\u00dcber das Projekt"},"content":{"rendered":"<p><a href=\"http:\/\/blog.lix.cc\/malawi\/files\/2011\/07\/Heart_of_Darkness.jpg\"><img loading=\"lazy\" decoding=\"async\" class=\"alignright size-full wp-image-413\" title=\"Heart of Darkness\" src=\"http:\/\/blog.lix.cc\/malawi\/files\/2011\/07\/Heart_of_Darkness.jpg\" alt=\"\" width=\"169\" height=\"253\" srcset=\"https:\/\/malawi.lix.cc\/files\/2011\/07\/Heart_of_Darkness.jpg 269w, https:\/\/malawi.lix.cc\/files\/2011\/07\/Heart_of_Darkness-201x300.jpg 201w\" sizes=\"auto, (max-width: 169px) 100vw, 169px\" \/><\/a>&#8222;<strong>Exterminate all the Brutes<\/strong>&#8220; ist ein Zitat aus dem ber\u00fchmten Werk &#8222;<a title=\"Herz der Finsternis\" href=\"http:\/\/www.gutenberg.org\/ebooks\/526\">Herz der Finsternis<\/a>&#8220; von <a title=\"Essay on Niggers\" href=\"http:\/\/lix.cc\/nigger.html\">Joseph Conrad<\/a>, einem grossartigen Schriftsteller, welcher in seinem Buch den exemplarischen Charakter und die Pers\u00f6nlichkeit des &#8222;<a title=\"Colonel Kurtz\" href=\"http:\/\/blog.lix.cc\/malawi\/files\/2011\/07\/tim_bailey.jpg\">Colonel Kurtz<\/a>&#8222;, einem radikalen Imperialisten und &#8222;Neger Hasser&#8220;, einf\u00fchrt, welcher den Eingeborenen durch westliche Doktrin Strukturen etabliert um die Ressourcen der Kolonialstaaten zu pl\u00fcndern.<br \/>\nDie Figur wurde sp\u00e4ter von <a title=\"Francis Ford Coppola\" href=\"http:\/\/www.imdb.com\/name\/nm0000338\/\">Francis Ford Coppola<\/a> aufgegriffen und hat nachhaltig das Drehbuch zu &#8222;Apocalypse Now&#8220; und die Rolle von <a title=\"Marlon Brando as Colonel Kurtz\" href=\"http:\/\/blog.lix.cc\/malawi\/files\/2011\/07\/MarlonBrando_Kurtz.jpg\">Marlon Brando<\/a> beeinflusst. Dieses &#8222;jet d&#8217;oeuvre&#8220; wurde vielleicht gerade darum ein historisches Filmdokument und Anti-Kriegs Werk, welches im Dschungel Vietnams spielt.<\/p>\n<p><img loading=\"lazy\" decoding=\"async\" class=\"alignleft\" title=\"Portrait von Colonel Kurtz vom K\u00fcnstler Tim Bailey\" src=\"http:\/\/blog.lix.cc\/malawi\/files\/2011\/07\/tim_bailey.jpg\" alt=\"\" width=\"190\" height=\"252\" \/>Heutzutage steht es mit der Ausbeutung sogar noch schlechter. &#8211; Statt auf &#8222;anst\u00e4ndige&#8220; und ehrliche Weise mir der Sprache der Unterdr\u00fcckung und Repression die L\u00e4nder auszubeuten, erscheint der Neo-Imperialismus im Deckmantel der Entwicklungshilfe und der &#8222;heiligen&#8220; Erl\u00f6sung. Mit Hilfe von Desinformation und dem kontinuierlichen Ern\u00e4hren von Stereotypen, wie dem &#8222;armen, hungernden Negerlein&#8220;, werden massive Mengen von Spenden misbraucht und gesteuert, um neo-liberale Strukturen in den Dienst der \u00f6konomischen Ausbeute zu stellen. Die Paradebeispiele sind: <strong>Alle<\/strong> <a title=\"the curse of black gold\" href=\"http:\/\/artereportage.arte.tv\/?l=2#\/de\/nigeria\">Erd\u00f6l Firmen (<\/a>mit der Argumentation &#8222;gr\u00fcne Energie&#8220; zu produzieren werden Afrikanische Kulturen geschlachtet), die <a title=\"Bill &amp; Melinda Gates Foundation\" href=\"http:\/\/www.gatesfoundation.org\/\">Bill and Melinda Gates Foundation<\/a> (welche Pharmaversuche an Menschen, unter der Argumentation die Menschheit ges\u00fcnder zu machen unternehmen), <a title=\"Monsanto\" href=\"http:\/\/blog.lix.cc\/malawi\/2006\/11\/13\/neoimperialism\/\">Agrikultur Firmen<\/a> (z.Bsp. <a title=\"Monsanto\" href=\"http:\/\/www.monsanto.com\">Monsanto<\/a>, welche genetisch manipuliertes Saatgut testet und dabei die B\u00f6den unbrauchbar macht um gleichzeitig steriles Saatgut zu entwickeln, welches nach der Ernte nicht weiterverwendet werden kann, sondern das Saatgut jedes Jahr frisch gekauft werden muss. (Ausserdem nicht gez\u00fcchtet werden kann, da das Saatgut patentiert ist.), Entwicklungshilfe Organisationen wie &#8222;Save the Children&#8220; und &#8222;World Food Programme&#8220;, welche massive Mengen an Entwicklungsgelder und Unterst\u00fctzungen des <a title=\"abused UNDP funds\" href=\"http:\/\/blog.lix.cc\/malawi\/2006\/12\/06\/wireless\/\">United Nations Development Funds misbrauchen<\/a> um sie in die Strukturen der westlichen \u00d6konomien zur\u00fcck zu f\u00fchren.<\/p>\n<p><strong>Die Brut der Ausbeutung und des latenten Hasses gegen weniger entwickelte Rassen muss ausgel\u00f6scht und ausgemerzt werden. Der fremdbestimmte Zirkel der T\u00e4uschung und Selbstzerst\u00f6rung muss aufgebrochen werden. Drittweltl\u00e4nder verdienen es ihre eigene Zukunft durch ihre eigenen Regeln und M\u00f6glichkeiten, aufrichtig und unter Einhaltung der Menschenrechte zu gestalten.<\/strong><\/p>","protected":false},"excerpt":{"rendered":"<p>&#8222;Exterminate all the Brutes&#8220; ist ein Zitat aus dem ber\u00fchmten Werk &#8222;Herz der Finsternis&#8220; von Joseph Conrad, einem grossartigen Schriftsteller, welcher in seinem Buch den exemplarischen Charakter und die Pers\u00f6nlichkeit des &#8222;Colonel Kurtz&#8222;, einem radikalen Imperialisten und &#8222;Neger Hasser&#8220;, einf\u00fchrt, welcher den Eingeborenen durch westliche Doktrin Strukturen etabliert um die Ressourcen der Kolonialstaaten zu pl\u00fcndern. [&hellip;]<\/p>\n","protected":false},"author":1,"featured_media":0,"parent":0,"menu_order":0,"comment_status":"open","ping_status":"open","template":"","meta":{"footnotes":""},"class_list":["post-411","page","type-page","status-publish","hentry"],"_links":{"self":[{"href":"https:\/\/malawi.lix.cc\/de\/wp-json\/wp\/v2\/pages\/411","targetHints":{"allow":["GET"]}}],"collection":[{"href":"https:\/\/malawi.lix.cc\/de\/wp-json\/wp\/v2\/pages"}],"about":[{"href":"https:\/\/malawi.lix.cc\/de\/wp-json\/wp\/v2\/types\/page"}],"author":[{"embeddable":true,"href":"https:\/\/malawi.lix.cc\/de\/wp-json\/wp\/v2\/users\/1"}],"replies":[{"embeddable":true,"href":"https:\/\/malawi.lix.cc\/de\/wp-json\/wp\/v2\/comments?post=411"}],"version-history":[{"count":32,"href":"https:\/\/malawi.lix.cc\/de\/wp-json\/wp\/v2\/pages\/411\/revisions"}],"predecessor-version":[{"id":864,"href":"https:\/\/malawi.lix.cc\/de\/wp-json\/wp\/v2\/pages\/411\/revisions\/864"}],"wp:attachment":[{"href":"https:\/\/malawi.lix.cc\/de\/wp-json\/wp\/v2\/media?parent=411"}],"curies":[{"name":"wp","href":"https:\/\/api.w.org\/{rel}","templated":true}]}}