{"id":741,"date":"2011-12-13T15:56:16","date_gmt":"2011-12-13T15:56:16","guid":{"rendered":"http:\/\/blog.lix.cc\/malawi\/?page_id=741"},"modified":"2012-08-17T16:55:10","modified_gmt":"2012-08-17T16:55:10","slug":"partner","status":"publish","type":"page","link":"https:\/\/malawi.lix.cc\/de\/malawi2012\/partner\/","title":{"rendered":"Partner"},"content":{"rendered":"<p><strong><a href=\"http:\/\/datuma.ch\">da.tu.ma AG<\/a><\/strong><br \/>\n<a href=\"http:\/\/datuma.ch\"><img loading=\"lazy\" decoding=\"async\" class=\"alignright size-medium wp-image-241\" src=\"http:\/\/blog.lix.cc\/malawi\/files\/2011\/07\/Datuma_Logo-300x54.gif\" alt=\"\" width=\"300\" height=\"54\" srcset=\"https:\/\/malawi.lix.cc\/files\/2011\/07\/Datuma_Logo-300x54.gif 300w, https:\/\/malawi.lix.cc\/files\/2011\/07\/Datuma_Logo.gif 996w\" sizes=\"auto, (max-width: 300px) 100vw, 300px\" \/><\/a>Es gibt in der Schweiz und anderswo viele gute Ideen und Projekte. Aber nur wenige werden weiterverfolgt und verwirklicht. Oft scheitert ihre Realisierung am fehlenden Geld, oft an der fehlenden Erfahrung und noch h\u00e4ufiger an beidem. <a title=\"datuma\" href=\"http:\/\/datuma.ch\">Datuma AG<\/a> hat es sich zur Aufgabe gemacht, sinnvollen Projekten sowohl mit finanzieller als auch mit strategischer, organisatorischer und juristischer Unterst\u00fctzung zum Durchbruch zu verhelfen.<\/p>\n<p><strong><a href=\"http:\/\/itpoint.ch\">ITpoint Systems AG<\/a><\/strong><br \/>\n<a href=\"http:\/\/itpoint.ch\"><img loading=\"lazy\" decoding=\"async\" class=\"alignright size-medium wp-image-234\" src=\"http:\/\/blog.lix.cc\/malawi\/files\/2011\/07\/ITpoint-Logo-jpg-klein-300x104.jpg\" alt=\"\" width=\"300\" height=\"104\" srcset=\"https:\/\/malawi.lix.cc\/files\/2011\/07\/ITpoint-Logo-jpg-klein-300x104.jpg 300w, https:\/\/malawi.lix.cc\/files\/2011\/07\/ITpoint-Logo-jpg-klein.jpg 350w\" sizes=\"auto, (max-width: 300px) 100vw, 300px\" \/><\/a>ITpoint Systems AG ist Ihr Spezialist f\u00fcr die Planung, Implementierung und den Betrieb Ihrer IT-Infrastruktur und Ihr Partner f\u00fcr \u201eIT as a Service\u201c. Unser abgestimmtes, fachkundiges Team steht Ihnen engagiert zur Seite und ber\u00e4t Sie professionell in technischen und strategischen Belangen, ohne dabei den Blick auf Ihre Gesch\u00e4ftsprozesse zu verlieren.<\/p>\n<p>In unseren Projekten verwenden wir ausschliesslich innovative, erprobte Technologien von weltweit f\u00fchrenden Herstellern. Diese kombinieren wir zu Gesamtsystemen, welche optimale Verf\u00fcgbarkeit und Leistung sowie maximale Wirtschaftlichkeit zum Ziel haben.<\/p>\n<p>Unser Unternehmen wurde im Jahr 2005 gegr\u00fcndet und z\u00e4hlt rund 50 Personen an den Standorten Rotkreuz, Z\u00fcrich, Bern und Genf. In Z\u00fcrich-Altstetten stehen Ihnen \u00fcbrigens 16 R\u00e4ume f\u00fcr Seminare, Schulungen und als \u201eNot-Standort\u201c zur Verf\u00fcgung. \u00dcber 100 Kunden in der Schweiz und im nahen Ausland vertrauen heute auf unsere Dienstleistungen.<\/p>","protected":false},"excerpt":{"rendered":"<p>da.tu.ma AG Es gibt in der Schweiz und anderswo viele gute Ideen und Projekte. Aber nur wenige werden weiterverfolgt und verwirklicht. Oft scheitert ihre Realisierung am fehlenden Geld, oft an der fehlenden Erfahrung und noch h\u00e4ufiger an beidem. Datuma AG hat es sich zur Aufgabe gemacht, sinnvollen Projekten sowohl mit finanzieller als auch mit strategischer, [&hellip;]<\/p>\n","protected":false},"author":1,"featured_media":0,"parent":735,"menu_order":0,"comment_status":"open","ping_status":"open","template":"","meta":{"footnotes":""},"class_list":["post-741","page","type-page","status-publish","hentry"],"_links":{"self":[{"href":"https:\/\/malawi.lix.cc\/de\/wp-json\/wp\/v2\/pages\/741","targetHints":{"allow":["GET"]}}],"collection":[{"href":"https:\/\/malawi.lix.cc\/de\/wp-json\/wp\/v2\/pages"}],"about":[{"href":"https:\/\/malawi.lix.cc\/de\/wp-json\/wp\/v2\/types\/page"}],"author":[{"embeddable":true,"href":"https:\/\/malawi.lix.cc\/de\/wp-json\/wp\/v2\/users\/1"}],"replies":[{"embeddable":true,"href":"https:\/\/malawi.lix.cc\/de\/wp-json\/wp\/v2\/comments?post=741"}],"version-history":[{"count":5,"href":"https:\/\/malawi.lix.cc\/de\/wp-json\/wp\/v2\/pages\/741\/revisions"}],"predecessor-version":[{"id":809,"href":"https:\/\/malawi.lix.cc\/de\/wp-json\/wp\/v2\/pages\/741\/revisions\/809"}],"up":[{"embeddable":true,"href":"https:\/\/malawi.lix.cc\/de\/wp-json\/wp\/v2\/pages\/735"}],"wp:attachment":[{"href":"https:\/\/malawi.lix.cc\/de\/wp-json\/wp\/v2\/media?parent=741"}],"curies":[{"name":"wp","href":"https:\/\/api.w.org\/{rel}","templated":true}]}}